{"id":710,"date":"2022-01-15T11:46:19","date_gmt":"2022-01-15T11:46:19","guid":{"rendered":"https:\/\/www.beatrizguerrapsicologia.es\/?page_id=710"},"modified":"2024-02-06T09:55:50","modified_gmt":"2024-02-06T09:55:50","slug":"politica-de-privacidad","status":"publish","type":"page","link":"https:\/\/www.beatrizguerrapsicologia.es\/?page_id=710","title":{"rendered":"Pol\u00edtica de privacidad"},"content":{"rendered":"\t\t<div data-elementor-type=\"wp-page\" data-elementor-id=\"710\" class=\"elementor elementor-710\" data-elementor-post-type=\"page\">\n\t\t\t\t\t\t<section class=\"elementor-section elementor-top-section elementor-element elementor-element-31313da elementor-section-boxed elementor-section-height-default elementor-section-height-default\" data-id=\"31313da\" data-element_type=\"section\" data-e-type=\"section\">\n\t\t\t\t\t\t<div class=\"elementor-container elementor-column-gap-default\">\n\t\t\t\t\t<div class=\"elementor-column elementor-col-100 elementor-top-column elementor-element elementor-element-48531bf\" data-id=\"48531bf\" data-element_type=\"column\" data-e-type=\"column\">\n\t\t\t<div class=\"elementor-widget-wrap elementor-element-populated\">\n\t\t\t\t\t\t<div class=\"elementor-element elementor-element-3175869 elementor-widget elementor-widget-heading\" data-id=\"3175869\" data-element_type=\"widget\" data-e-type=\"widget\" data-widget_type=\"heading.default\">\n\t\t\t\t<div class=\"elementor-widget-container\">\n\t\t\t\t\t<h2 class=\"elementor-heading-title elementor-size-default\">Beatriz Guerra Garc\u00eda es el Responsable del tratamiento de sus datos personales y le informa de que\nestos datos ser\u00e1n tratados de conformidad con lo dispuesto en el Reglamento (UE) 2016\/679, de 27 de\nabril (GDPR), y la Ley Org\u00e1nica 3\/2018, de 5 de diciembre (LOPDGDD), con la finalidad de mantener\nuna relaci\u00f3n comercial (en base a una relaci\u00f3n contractual, obligaci\u00f3n legal o inter\u00e9s leg\u00edtimo) y\nconservarlos durante no m\u00e1s tiempo del necesario para mantener el fin del tratamiento o mientras\nexistan prescripciones legales que dictaminen su custodia. No se comunicar\u00e1n los datos a terceros,\nsalvo obligaci\u00f3n legal. Asimismo, se le informa de que puede ejercer los derechos de acceso,\nrectificaci\u00f3n, portabilidad y supresi\u00f3n de sus datos y los de limitaci\u00f3n y oposici\u00f3n a su tratamiento\ndirigi\u00e9ndose a Beatriz Guerra Garc\u00eda en R\u00faa das Fonti\u00f1as, 29 BJ - 15704 Santiago de Compostela (A\nCoru\u00f1a). E-mail: beaggarcia@gmail.com y el de reclamaci\u00f3n a www.aepd.es.<\/h2>\t\t\t\t<\/div>\n\t\t\t\t<\/div>\n\t\t\t\t\t<\/div>\n\t\t<\/div>\n\t\t\t\t\t<\/div>\n\t\t<\/section>\n\t\t\t\t<\/div>\n\t\t","protected":false},"excerpt":{"rendered":"<p>Beatriz Guerra Garc\u00eda es el Responsable del tratamiento de sus datos personales y le informa de que estos datos ser\u00e1n tratados de conformidad con lo dispuesto en el Reglamento (UE) 2016\/679, de 27 de abril (GDPR), y la Ley Org\u00e1nica 3\/2018, de 5 de diciembre (LOPDGDD), con la finalidad de mantener una relaci\u00f3n comercial (en &#8230; <a title=\"Pol\u00edtica de privacidad\" class=\"read-more\" href=\"https:\/\/www.beatrizguerrapsicologia.es\/?page_id=710\" aria-label=\"Leer m\u00e1s sobre Pol\u00edtica de privacidad\">Leer m\u00e1s<\/a><\/p>\n","protected":false},"author":1,"featured_media":0,"parent":0,"menu_order":0,"comment_status":"closed","ping_status":"closed","template":"elementor_header_footer","meta":{"footnotes":""},"class_list":["post-710","page","type-page","status-publish"],"_links":{"self":[{"href":"https:\/\/www.beatrizguerrapsicologia.es\/index.php?rest_route=\/wp\/v2\/pages\/710","targetHints":{"allow":["GET"]}}],"collection":[{"href":"https:\/\/www.beatrizguerrapsicologia.es\/index.php?rest_route=\/wp\/v2\/pages"}],"about":[{"href":"https:\/\/www.beatrizguerrapsicologia.es\/index.php?rest_route=\/wp\/v2\/types\/page"}],"author":[{"embeddable":true,"href":"https:\/\/www.beatrizguerrapsicologia.es\/index.php?rest_route=\/wp\/v2\/users\/1"}],"replies":[{"embeddable":true,"href":"https:\/\/www.beatrizguerrapsicologia.es\/index.php?rest_route=%2Fwp%2Fv2%2Fcomments&post=710"}],"version-history":[{"count":4,"href":"https:\/\/www.beatrizguerrapsicologia.es\/index.php?rest_route=\/wp\/v2\/pages\/710\/revisions"}],"predecessor-version":[{"id":5541,"href":"https:\/\/www.beatrizguerrapsicologia.es\/index.php?rest_route=\/wp\/v2\/pages\/710\/revisions\/5541"}],"wp:attachment":[{"href":"https:\/\/www.beatrizguerrapsicologia.es\/index.php?rest_route=%2Fwp%2Fv2%2Fmedia&parent=710"}],"curies":[{"name":"wp","href":"https:\/\/api.w.org\/{rel}","templated":true}]}}