{"id":3367,"date":"2022-02-15T17:00:58","date_gmt":"2022-02-15T17:00:58","guid":{"rendered":"https:\/\/www.beatrizguerrapsicologia.es\/?page_id=3367"},"modified":"2026-04-24T08:46:48","modified_gmt":"2026-04-24T08:46:48","slug":"sobre-mi-2","status":"publish","type":"page","link":"https:\/\/www.beatrizguerrapsicologia.es\/?page_id=3367","title":{"rendered":"Equipo"},"content":{"rendered":"\t\t<div data-elementor-type=\"wp-page\" data-elementor-id=\"3367\" class=\"elementor elementor-3367\" data-elementor-post-type=\"page\">\n\t\t\t\t\t\t<section class=\"elementor-section elementor-top-section elementor-element elementor-element-f91e634 elementor-section-boxed elementor-section-height-default elementor-section-height-default\" data-id=\"f91e634\" data-element_type=\"section\" data-e-type=\"section\">\n\t\t\t\t\t\t<div class=\"elementor-container elementor-column-gap-default\">\n\t\t\t\t\t<div class=\"elementor-column elementor-col-100 elementor-top-column elementor-element elementor-element-76e8556\" data-id=\"76e8556\" data-element_type=\"column\" data-e-type=\"column\">\n\t\t\t<div class=\"elementor-widget-wrap elementor-element-populated\">\n\t\t\t\t\t\t<div class=\"elementor-element elementor-element-39a197e elementor-widget-divider--view-line elementor-widget elementor-widget-divider\" data-id=\"39a197e\" data-element_type=\"widget\" data-e-type=\"widget\" data-widget_type=\"divider.default\">\n\t\t\t\t<div class=\"elementor-widget-container\">\n\t\t\t\t\t\t\t<div class=\"elementor-divider\">\n\t\t\t<span class=\"elementor-divider-separator\">\n\t\t\t\t\t\t<\/span>\n\t\t<\/div>\n\t\t\t\t\t\t<\/div>\n\t\t\t\t<\/div>\n\t\t\t\t<div class=\"elementor-element elementor-element-aefc45c elementor-widget elementor-widget-heading\" data-id=\"aefc45c\" data-element_type=\"widget\" data-e-type=\"widget\" data-widget_type=\"heading.default\">\n\t\t\t\t<div class=\"elementor-widget-container\">\n\t\t\t\t\t<h3 class=\"elementor-heading-title elementor-size-medium\">EQUIPO<\/h3>\t\t\t\t<\/div>\n\t\t\t\t<\/div>\n\t\t\t\t\t<\/div>\n\t\t<\/div>\n\t\t\t\t\t<\/div>\n\t\t<\/section>\n\t\t\t\t<section class=\"elementor-section elementor-top-section elementor-element elementor-element-93c69c9 elementor-section-content-middle elementor-section-boxed elementor-section-height-default elementor-section-height-default\" data-id=\"93c69c9\" data-element_type=\"section\" data-e-type=\"section\">\n\t\t\t\t\t\t<div class=\"elementor-container elementor-column-gap-default\">\n\t\t\t\t\t<div class=\"elementor-column elementor-col-50 elementor-top-column elementor-element elementor-element-a5586d9\" data-id=\"a5586d9\" data-element_type=\"column\" data-e-type=\"column\">\n\t\t\t<div class=\"elementor-widget-wrap elementor-element-populated\">\n\t\t\t\t\t\t<div class=\"elementor-element elementor-element-6a0686b elementor-widget-divider--view-line elementor-widget elementor-widget-divider\" data-id=\"6a0686b\" data-element_type=\"widget\" data-e-type=\"widget\" data-widget_type=\"divider.default\">\n\t\t\t\t<div class=\"elementor-widget-container\">\n\t\t\t\t\t\t\t<div class=\"elementor-divider\">\n\t\t\t<span class=\"elementor-divider-separator\">\n\t\t\t\t\t\t<\/span>\n\t\t<\/div>\n\t\t\t\t\t\t<\/div>\n\t\t\t\t<\/div>\n\t\t\t\t<div class=\"elementor-element elementor-element-709181a elementor-cta--valign-middle elementor-cta--layout-image-above elementor-cta--skin-classic elementor-animated-content elementor-bg-transform elementor-bg-transform-zoom-in elementor-widget elementor-widget-call-to-action\" data-id=\"709181a\" data-element_type=\"widget\" data-e-type=\"widget\" data-widget_type=\"call-to-action.default\">\n\t\t\t\t<div class=\"elementor-widget-container\">\n\t\t\t\t\t\t\t<div class=\"elementor-cta\">\n\t\t\t\t\t<div class=\"elementor-cta__bg-wrapper\">\n\t\t\t\t<div class=\"elementor-cta__bg elementor-bg\" style=\"background-image: url(https:\/\/www.beatrizguerrapsicologia.es\/wp-content\/uploads\/2024\/06\/1718820537617.jpg);\" role=\"img\" aria-label=\"1718820537617\"><\/div>\n\t\t\t\t<div class=\"elementor-cta__bg-overlay\"><\/div>\n\t\t\t<\/div>\n\t\t\t\t\t\t\t<div class=\"elementor-cta__content\">\n\t\t\t\t\n\t\t\t\t\t\t\t\t\t<h2 class=\"elementor-cta__title elementor-cta__content-item elementor-content-item\">\n\t\t\t\t\t\t<b>BEATRIZ GUERRA<\/b><br><b>DIRECTORA DEL CENTRO<\/b><br>PSIC\u00d3LOGA SANITARIA\t\t\t\t\t<\/h2>\n\t\t\t\t\n\t\t\t\t\t\t\t\t\t<div class=\"elementor-cta__description elementor-cta__content-item elementor-content-item\">\n\t\t\t\t\t\tG-3352\t\t\t\t\t<\/div>\n\t\t\t\t\n\t\t\t\t\t\t\t\t\t<div class=\"elementor-cta__button-wrapper elementor-cta__content-item elementor-content-item \">\n\t\t\t\t\t<a class=\"elementor-cta__button elementor-button elementor-size-\" href=\"https:\/\/www.beatrizguerrapsicologia.es\/?page_id=4851\">\n\t\t\t\t\t\t<b>Contacta <\/b>\t\t\t\t\t<\/a>\n\t\t\t\t\t<\/div>\n\t\t\t\t\t\t\t<\/div>\n\t\t\t\t\t\t<\/div>\n\t\t\t\t\t\t<\/div>\n\t\t\t\t<\/div>\n\t\t\t\t\t<\/div>\n\t\t<\/div>\n\t\t\t\t<div class=\"elementor-column elementor-col-50 elementor-top-column elementor-element elementor-element-4193bec\" data-id=\"4193bec\" data-element_type=\"column\" data-e-type=\"column\">\n\t\t\t<div class=\"elementor-widget-wrap elementor-element-populated\">\n\t\t\t\t\t\t<div class=\"elementor-element elementor-element-74d7928 elementor-widget elementor-widget-text-editor\" data-id=\"74d7928\" data-element_type=\"widget\" data-e-type=\"widget\" data-widget_type=\"text-editor.default\">\n\t\t\t\t<div class=\"elementor-widget-container\">\n\t\t\t\t\t\t\t\t\t<p><span style=\"background-color: var(--base-3);\">Soy <\/span><b style=\"background-color: var(--base-3);\">Licenciada en Psicolog\u00eda <\/b><span style=\"background-color: var(--base-3);\">por la Universidad de Santiago con habilitaci\u00f3n sanitaria. Mi af\u00e1n por seguir aprendiendo es algo que me llev\u00f3 a realizar <\/span><b style=\"background-color: var(--base-3);\">estudios de doctorado<\/b><span style=\"background-color: var(--base-3);\"> en el departamento de Personalidad, Evaluaci\u00f3n y Tratamiento Psicol\u00f3gico en la misma Universidad as\u00ed como\u00a0 acreditarme como\u00a0<\/span><b style=\"background-color: var(--base-3);\">Terapeuta Familiar<\/b><span style=\"background-color: var(--base-3);\"> por la Federaci\u00f3n de Asociaci\u00f3n de Terapia Familiar de Espa\u00f1a.\u00a0 Posteriormente, mi trayectoria profesional me llev\u00f3 a formarme en EMDR, trauma y apego tanto en adultos como en la infancia.<\/span><span style=\"background-color: var(--base-3); color: var( --e-global-color-secondary );\">Estoy formada en <strong>trastornos de personalidad, trastornos alimentarios, violencia de g\u00e9nero, trauma y apego<\/strong> tanto en infancia como adultos. Tengo formaci\u00f3n en EMDR ni\u00f1os y adultos.<\/span><\/p><p><span style=\"color: var( --e-global-color-secondary ); background-color: var(--base-3);\">Mis primeras experiencias profesionales se desarrollaron en el \u00e1mbito de servicios sociales en diferentes \u00e1mbitos\u00a0 de intervenci\u00f3n\u00a0 tales como <\/span><strong style=\"color: var( --e-global-color-secondary ); background-color: var(--base-3);\">violencia de g\u00e9nero<\/strong><span style=\"color: var( --e-global-color-secondary ); background-color: var(--base-3);\">, <\/span><strong style=\"color: var( --e-global-color-secondary ); background-color: var(--base-3);\">familias multiproblem\u00e1ticas<\/strong><span style=\"color: var( --e-global-color-secondary ); background-color: var(--base-3);\"> e <\/span><strong style=\"color: var( --e-global-color-secondary ); background-color: var(--base-3);\">infancia<\/strong><span style=\"color: var( --e-global-color-secondary ); background-color: var(--base-3);\">, all\u00ed aprend\u00ed la importancia del trabajo entre profesionales para ayudar a la mejora de cada situaci\u00f3n\u00a0 as\u00ed como aprovechar todos los recursos y fortalezas de las personas\u00a0 para mejorar sus complicadas situaciones de vida.\u00a0 La experiencia en Ong,s con trastornos mentales graves me hizo comprender que el apoyo familiar y grupal es fundamental en la mejora de los trastornos mentales como trastornos de personalidad y esquizofrenia.<\/span><\/p><p>La<strong> igualdad de trato<\/strong>, la <strong>empat\u00eda<\/strong> y la <strong>aceptaci\u00f3n condiciona<\/strong>l es la base en mi trabajo.\u00a0<\/p><p>En los \u00faltimos cinco a\u00f1os, mi pr\u00e1ctica profesional se ha centrado no s\u00f3lo en <b>acompa\u00f1ar a adultos<\/b> sino tambi\u00e9n poder guiar a <b>la infancia y adolescencia as\u00ed como a sus familias <\/b>en sus diferentes problem\u00e1ticas.<\/p><p>Poseo m\u00e1s de 15 a\u00f1os de experiencia.<\/p><p>Puedes ampliar la informaci\u00f3n sobre mi experiencia<a href=\"https:\/\/www.beatrizguerrapsicologia.es\/?page_id=3499\">\u00a0<u>aqu\u00ed.<\/u><\/a>\u00a0<\/p>\t\t\t\t\t\t\t\t<\/div>\n\t\t\t\t<\/div>\n\t\t\t\t\t<\/div>\n\t\t<\/div>\n\t\t\t\t\t<\/div>\n\t\t<\/section>\n\t\t\t\t<section class=\"elementor-section elementor-top-section elementor-element elementor-element-31050afb elementor-section-stretched elementor-section-full_width elementor-section-height-default elementor-section-height-default\" data-id=\"31050afb\" data-element_type=\"section\" data-e-type=\"section\" data-settings=\"{&quot;stretch_section&quot;:&quot;section-stretched&quot;,&quot;background_background&quot;:&quot;classic&quot;}\">\n\t\t\t\t\t\t<div class=\"elementor-container elementor-column-gap-default\">\n\t\t\t\t\t<div class=\"elementor-column elementor-col-50 elementor-top-column elementor-element elementor-element-fe18c44\" data-id=\"fe18c44\" data-element_type=\"column\" data-e-type=\"column\">\n\t\t\t<div class=\"elementor-widget-wrap elementor-element-populated\">\n\t\t\t\t\t\t<div class=\"elementor-element elementor-element-7688b7ed elementor-widget elementor-widget-heading\" data-id=\"7688b7ed\" data-element_type=\"widget\" data-e-type=\"widget\" data-widget_type=\"heading.default\">\n\t\t\t\t<div class=\"elementor-widget-container\">\n\t\t\t\t\t<h1 class=\"elementor-heading-title elementor-size-default\"><b>Escribe sin compromiso<\/b><\/h1>\t\t\t\t<\/div>\n\t\t\t\t<\/div>\n\t\t\t\t<div class=\"elementor-element elementor-element-6171f67f elementor-widget elementor-widget-heading\" data-id=\"6171f67f\" data-element_type=\"widget\" data-e-type=\"widget\" data-widget_type=\"heading.default\">\n\t\t\t\t<div class=\"elementor-widget-container\">\n\t\t\t\t\t<h3 class=\"elementor-heading-title elementor-size-large\">D\u00f3nde estoy<\/h3>\t\t\t\t<\/div>\n\t\t\t\t<\/div>\n\t\t\t\t<div class=\"elementor-element elementor-element-77e433ee elementor-widget__width-auto elementor-widget elementor-widget-text-editor\" data-id=\"77e433ee\" data-element_type=\"widget\" data-e-type=\"widget\" data-widget_type=\"text-editor.default\">\n\t\t\t\t<div class=\"elementor-widget-container\">\n\t\t\t\t\t\t\t\t\t<p><span style=\"color: var( --e-global-color-text );\">R\u00faa Fonti\u00f1as, N\u00ba 29 Bajo(Santiago de Compostela)<\/span><\/p>\t\t\t\t\t\t\t\t<\/div>\n\t\t\t\t<\/div>\n\t\t\t\t<div class=\"elementor-element elementor-element-31aa9e2b elementor-widget elementor-widget-heading\" data-id=\"31aa9e2b\" data-element_type=\"widget\" data-e-type=\"widget\" data-widget_type=\"heading.default\">\n\t\t\t\t<div class=\"elementor-widget-container\">\n\t\t\t\t\t<h2 class=\"elementor-heading-title elementor-size-default\">Horario de atenci\u00f3n<\/h2>\t\t\t\t<\/div>\n\t\t\t\t<\/div>\n\t\t\t\t<div class=\"elementor-element elementor-element-34b0087b elementor-widget__width-auto elementor-widget elementor-widget-text-editor\" data-id=\"34b0087b\" data-element_type=\"widget\" data-e-type=\"widget\" data-widget_type=\"text-editor.default\">\n\t\t\t\t<div class=\"elementor-widget-container\">\n\t\t\t\t\t\t\t\t\t<h6><b>Lunes a Viernes con cita previa<\/b><\/h6><p>10.00 a 14.00<\/p><p>16.00 a 19.00<\/p>\t\t\t\t\t\t\t\t<\/div>\n\t\t\t\t<\/div>\n\t\t\t\t<div class=\"elementor-element elementor-element-12410237 elementor-widget elementor-widget-heading\" data-id=\"12410237\" data-element_type=\"widget\" data-e-type=\"widget\" data-widget_type=\"heading.default\">\n\t\t\t\t<div class=\"elementor-widget-container\">\n\t\t\t\t\t<h2 class=\"elementor-heading-title elementor-size-large\">Tel\u00e9fono <br><\/h2>\t\t\t\t<\/div>\n\t\t\t\t<\/div>\n\t\t\t\t<div class=\"elementor-element elementor-element-100169b2 elementor-widget elementor-widget-heading\" data-id=\"100169b2\" data-element_type=\"widget\" data-e-type=\"widget\" data-widget_type=\"heading.default\">\n\t\t\t\t<div class=\"elementor-widget-container\">\n\t\t\t\t\t<h2 class=\"elementor-heading-title elementor-size-small\">615.34.17.16<\/h2>\t\t\t\t<\/div>\n\t\t\t\t<\/div>\n\t\t\t\t<div class=\"elementor-element elementor-element-485609fd elementor-widget elementor-widget-heading\" data-id=\"485609fd\" data-element_type=\"widget\" data-e-type=\"widget\" data-widget_type=\"heading.default\">\n\t\t\t\t<div class=\"elementor-widget-container\">\n\t\t\t\t\t<h2 class=\"elementor-heading-title elementor-size-large\">Correo electr\u00f3nico<br><\/h2>\t\t\t\t<\/div>\n\t\t\t\t<\/div>\n\t\t\t\t<div class=\"elementor-element elementor-element-7f7099ee elementor-widget elementor-widget-heading\" data-id=\"7f7099ee\" data-element_type=\"widget\" data-e-type=\"widget\" data-widget_type=\"heading.default\">\n\t\t\t\t<div class=\"elementor-widget-container\">\n\t\t\t\t\t<h2 class=\"elementor-heading-title elementor-size-small\">contacto@beatrizguerrapsicologia.es<\/h2>\t\t\t\t<\/div>\n\t\t\t\t<\/div>\n\t\t\t\t<div class=\"elementor-element elementor-element-c538c76 elementor-widget elementor-widget-google_maps\" data-id=\"c538c76\" data-element_type=\"widget\" data-e-type=\"widget\" data-widget_type=\"google_maps.default\">\n\t\t\t\t<div class=\"elementor-widget-container\">\n\t\t\t\t\t\t\t<div class=\"elementor-custom-embed\">\n\t\t\t<iframe loading=\"lazy\"\n\t\t\t\t\tsrc=\"https:\/\/www.google.com\/maps\/embed\/v1\/place?key=AIzaSyDYHnn_3d7Lj7xFPTzVdLiPfnFGdYOQ5dk&#038;q=R%C3%BAa%20das%20Fonti%C3%B1as%2C%2029%20BAJO&#038;zoom=14\"\n\t\t\t\t\ttitle=\"R\u00faa das Fonti\u00f1as, 29 BAJO\"\n\t\t\t\t\taria-label=\"R\u00faa das Fonti\u00f1as, 29 BAJO\"\n\t\t\t><\/iframe>\n\t\t<\/div>\n\t\t\t\t\t\t<\/div>\n\t\t\t\t<\/div>\n\t\t\t\t\t<\/div>\n\t\t<\/div>\n\t\t\t\t<div class=\"elementor-column elementor-col-50 elementor-top-column elementor-element elementor-element-4f4dfe5c\" data-id=\"4f4dfe5c\" data-element_type=\"column\" data-e-type=\"column\">\n\t\t\t<div class=\"elementor-widget-wrap elementor-element-populated\">\n\t\t\t\t\t\t<div class=\"elementor-element elementor-element-2fe9b002 eael-contact-form-7-button-align-left eael-contact-form-7-button-custom elementor-widget elementor-widget-eael-contact-form-7\" data-id=\"2fe9b002\" data-element_type=\"widget\" data-e-type=\"widget\" data-widget_type=\"eael-contact-form-7.default\">\n\t\t\t\t<div class=\"elementor-widget-container\">\n\t\t\t\t\t<div class=\"eael-contact-form-7-wrapper\">\n                <div class=\"eael-contact-form eael-contact-form-7 eael-contact-form-2fe9b002 placeholder-show eael-contact-form-align-center\">\n<div class=\"wpcf7 no-js\" id=\"wpcf7-f1840-o1\" lang=\"es-ES\" dir=\"ltr\" data-wpcf7-id=\"1840\">\n<div class=\"screen-reader-response\"><p role=\"status\" aria-live=\"polite\" aria-atomic=\"true\"><\/p> <ul><\/ul><\/div>\n<form action=\"\/index.php?rest_route=%2Fwp%2Fv2%2Fpages%2F3367#wpcf7-f1840-o1\" method=\"post\" class=\"wpcf7-form init\" aria-label=\"Formulario de contacto\" novalidate=\"novalidate\" data-status=\"init\">\n<fieldset class=\"hidden-fields-container\"><input type=\"hidden\" name=\"_wpcf7\" value=\"1840\" \/><input type=\"hidden\" name=\"_wpcf7_version\" value=\"6.1.5\" \/><input type=\"hidden\" name=\"_wpcf7_locale\" value=\"es_ES\" \/><input type=\"hidden\" name=\"_wpcf7_unit_tag\" value=\"wpcf7-f1840-o1\" \/><input type=\"hidden\" name=\"_wpcf7_container_post\" value=\"0\" \/><input type=\"hidden\" name=\"_wpcf7_posted_data_hash\" value=\"\" \/><input type=\"hidden\" name=\"_wpcf7_recaptcha_response\" value=\"\" \/>\n<\/fieldset>\n<p><label> Tu nombre<br \/>\n<span class=\"wpcf7-form-control-wrap\" data-name=\"your-name\"><input size=\"40\" maxlength=\"400\" class=\"wpcf7-form-control wpcf7-text wpcf7-validates-as-required\" aria-required=\"true\" aria-invalid=\"false\" value=\"\" type=\"text\" name=\"your-name\" \/><\/span> <\/label>\n<\/p>\n<p><label> Tu correo electr\u00f3nico<br \/>\n<span class=\"wpcf7-form-control-wrap\" data-name=\"your-email\"><input size=\"40\" maxlength=\"400\" class=\"wpcf7-form-control wpcf7-email wpcf7-validates-as-required wpcf7-text wpcf7-validates-as-email\" aria-required=\"true\" aria-invalid=\"false\" value=\"\" type=\"email\" name=\"your-email\" \/><\/span> <\/label>\n<\/p>\n<p><label> Asunto<br \/>\n<span class=\"wpcf7-form-control-wrap\" data-name=\"your-subject\"><input size=\"40\" maxlength=\"400\" class=\"wpcf7-form-control wpcf7-text wpcf7-validates-as-required\" aria-required=\"true\" aria-invalid=\"false\" value=\"\" type=\"text\" name=\"your-subject\" \/><\/span> <\/label>\n<\/p>\n<p><label> Tu mensaje (opcional)<br \/>\n<span class=\"wpcf7-form-control-wrap\" data-name=\"your-message\"><textarea cols=\"40\" rows=\"10\" maxlength=\"2000\" class=\"wpcf7-form-control wpcf7-textarea\" aria-invalid=\"false\" name=\"your-message\"><\/textarea><\/span> <\/label>\n<\/p>\n<p><input class=\"wpcf7-form-control wpcf7-submit has-spinner\" type=\"submit\" value=\"Enviar\" \/><br \/>\n<span class=\"wpcf7-form-control-wrap\" data-name=\"Privacidad\"><span class=\"wpcf7-form-control wpcf7-acceptance\"><span class=\"wpcf7-list-item\"><label><input type=\"checkbox\" name=\"Privacidad\" value=\"1\" aria-invalid=\"false\" \/><span class=\"wpcf7-list-item-label\">He le\u00eddo y acepto la <a href=\u00bbhttps:\/\/beatrizguerrapsicologia.com\/politica-de-privacidad\/\u00bb>Pol\u00edtica de privacidad<\/a><\/span><\/label><\/span><\/span><\/span>\n<\/p><div class=\"wpcf7-response-output\" aria-hidden=\"true\"><\/div>\n<\/form>\n<\/div>\n<\/div>\n            <\/div>\t\t\t\t<\/div>\n\t\t\t\t<\/div>\n\t\t\t\t\t<\/div>\n\t\t<\/div>\n\t\t\t\t\t<\/div>\n\t\t<\/section>\n\t\t\t\t<\/div>\n\t\t","protected":false},"excerpt":{"rendered":"<p>EQUIPO BEATRIZ GUERRADIRECTORA DEL CENTROPSIC\u00d3LOGA SANITARIA G-3352 Contacta Soy Licenciada en Psicolog\u00eda por la Universidad de Santiago con habilitaci\u00f3n sanitaria. Mi af\u00e1n por seguir aprendiendo es algo que me llev\u00f3 a realizar estudios de doctorado en el departamento de Personalidad, Evaluaci\u00f3n y Tratamiento Psicol\u00f3gico en la misma Universidad as\u00ed como\u00a0 acreditarme como\u00a0Terapeuta Familiar por la &#8230; <a title=\"Equipo\" class=\"read-more\" href=\"https:\/\/www.beatrizguerrapsicologia.es\/?page_id=3367\" aria-label=\"Leer m\u00e1s sobre Equipo\">Leer m\u00e1s<\/a><\/p>\n","protected":false},"author":1,"featured_media":0,"parent":0,"menu_order":0,"comment_status":"closed","ping_status":"closed","template":"elementor_header_footer","meta":{"footnotes":""},"class_list":["post-3367","page","type-page","status-publish"],"_links":{"self":[{"href":"https:\/\/www.beatrizguerrapsicologia.es\/index.php?rest_route=\/wp\/v2\/pages\/3367","targetHints":{"allow":["GET"]}}],"collection":[{"href":"https:\/\/www.beatrizguerrapsicologia.es\/index.php?rest_route=\/wp\/v2\/pages"}],"about":[{"href":"https:\/\/www.beatrizguerrapsicologia.es\/index.php?rest_route=\/wp\/v2\/types\/page"}],"author":[{"embeddable":true,"href":"https:\/\/www.beatrizguerrapsicologia.es\/index.php?rest_route=\/wp\/v2\/users\/1"}],"replies":[{"embeddable":true,"href":"https:\/\/www.beatrizguerrapsicologia.es\/index.php?rest_route=%2Fwp%2Fv2%2Fcomments&post=3367"}],"version-history":[{"count":188,"href":"https:\/\/www.beatrizguerrapsicologia.es\/index.php?rest_route=\/wp\/v2\/pages\/3367\/revisions"}],"predecessor-version":[{"id":5877,"href":"https:\/\/www.beatrizguerrapsicologia.es\/index.php?rest_route=\/wp\/v2\/pages\/3367\/revisions\/5877"}],"wp:attachment":[{"href":"https:\/\/www.beatrizguerrapsicologia.es\/index.php?rest_route=%2Fwp%2Fv2%2Fmedia&parent=3367"}],"curies":[{"name":"wp","href":"https:\/\/api.w.org\/{rel}","templated":true}]}}